{"id":827,"date":"2012-06-27T19:22:35","date_gmt":"2012-06-27T18:22:35","guid":{"rendered":"http:\/\/www.lmae.net\/?page_id=827"},"modified":"2012-06-27T14:37:46","modified_gmt":"2012-06-27T18:37:46","slug":"about","status":"publish","type":"page","link":"https:\/\/www.lmae.net\/?page_id=827","title":{"rendered":"A propos&#8230;"},"content":{"rendered":"<p>LMAE est un blog n\u00e9 du d\u00e9gout suite au traitement m\u00e9diatique de la guerre en Iraq (de 2003). Les m\u00e9dias fran\u00e7ais ont \u00e9t\u00e9 en dessous de tout, comme les m\u00e9dias US d&rsquo;ailleurs, tellement braqu\u00e9s contre George W Bush et les USA qu&rsquo;ils en ont tr\u00e8s vite perdu toute objectivit\u00e9.<\/p>\n<p>Aujourd&rsquo;hui la menace islamiste existe toujours, et la France est un pays en crise identitaire et \u00e9conomique. Les m\u00e9dias n&rsquo;ont toujours aucune cr\u00e9dibilit\u00e9, la classe politique mus\u00e8le toujours gentiment la seule opposition v\u00e9ritable (le FN), et tout le monde ferme gentiment les yeux sur l&rsquo;avenir du pays. Si tant est qu&rsquo;il en ait un d&rsquo;ailleurs, hormis la faillite et la guerre civile.<\/p>\n<p>Apr\u00e8s avoir tir\u00e9 la conclusion qui s&rsquo;impose, j&rsquo;ai demand\u00e9 un visa pour un pays moins gangr\u00e9n\u00e9, un peu plus libre&#8230; et j&rsquo;habite maintenant au Canada. Et les Europ\u00e9ens continuent de d\u00e9truire leur beau continent, \u00e0 grands coups de socialisme, d&rsquo;immigration non assimil\u00e9e, de politiquement correct, de choix d\u00e9sastreux&#8230;<\/p>\n","protected":false},"excerpt":{"rendered":"<p>LMAE est un blog n\u00e9 du d\u00e9gout suite au traitement m\u00e9diatique de la guerre en Iraq (de 2003). Les m\u00e9dias fran\u00e7ais ont \u00e9t\u00e9 en dessous de tout, comme les m\u00e9dias US d&rsquo;ailleurs, tellement braqu\u00e9s contre George W Bush et les &hellip;<\/p>\n<p class=\"read-more\"><a href=\"https:\/\/www.lmae.net\/?page_id=827\">Lire la suite &raquo;<\/a><\/p>\n","protected":false},"author":1,"featured_media":0,"parent":0,"menu_order":0,"comment_status":"open","ping_status":"open","template":"","meta":[],"_links":{"self":[{"href":"https:\/\/www.lmae.net\/index.php?rest_route=\/wp\/v2\/pages\/827"}],"collection":[{"href":"https:\/\/www.lmae.net\/index.php?rest_route=\/wp\/v2\/pages"}],"about":[{"href":"https:\/\/www.lmae.net\/index.php?rest_route=\/wp\/v2\/types\/page"}],"author":[{"embeddable":true,"href":"https:\/\/www.lmae.net\/index.php?rest_route=\/wp\/v2\/users\/1"}],"replies":[{"embeddable":true,"href":"https:\/\/www.lmae.net\/index.php?rest_route=%2Fwp%2Fv2%2Fcomments&post=827"}],"version-history":[{"count":4,"href":"https:\/\/www.lmae.net\/index.php?rest_route=\/wp\/v2\/pages\/827\/revisions"}],"predecessor-version":[{"id":830,"href":"https:\/\/www.lmae.net\/index.php?rest_route=\/wp\/v2\/pages\/827\/revisions\/830"}],"wp:attachment":[{"href":"https:\/\/www.lmae.net\/index.php?rest_route=%2Fwp%2Fv2%2Fmedia&parent=827"}],"curies":[{"name":"wp","href":"https:\/\/api.w.org\/{rel}","templated":true}]}}